{"id":7858,"date":"2026-04-02T18:28:23","date_gmt":"2026-04-02T16:28:23","guid":{"rendered":"https:\/\/mutrea.com\/?post_type=product&#038;p=7858"},"modified":"2026-04-12T17:39:20","modified_gmt":"2026-04-12T15:39:20","slug":"lightsense-nr-23-2","status":"publish","type":"product","link":"https:\/\/mutrea.com\/en\/product\/lightsense-nr-23-2\/","title":{"rendered":"LightSense Nr. 23"},"content":{"rendered":"<h4><\/h4>\n<p><strong>Ein Statement f\u00fcr zeitlose \u00c4sthetik.<\/strong><\/p>\n<p>Dieser Art Print in Museumsqualit\u00e4t vereint ausdrucksstarke Motive mit einer ruhigen, eleganten Oberfl\u00e4che \u2013 geschaffen, um R\u00e4ume stilvoll zu vollenden und besondere Akzente zu setzen.<\/p>\n<p>Die fein abgestimmte Farbbrillanz trifft auf ein edles, mattes Finish, das Licht sanft aufnimmt und eine luxuri\u00f6se, moderne Wirkung entfaltet.<\/p>\n<p>&nbsp;<\/p>\n<hr \/>\n<p>&nbsp;<\/p>\n<p><strong>Material &amp; Qualit\u00e4t<\/strong><\/p>\n<p>Gedruckt auf schwerem Premium-Papier (200 g\/m\u00b2) mit einer nat\u00fcrlich glatten, unbeschichteten Oberfl\u00e4che.<br \/>\nDas matte Finish sorgt f\u00fcr eine besonders hochwertige Haptik und eine reflexionsfreie Darstellung \u2013 ideal f\u00fcr anspruchsvolle Interiors.<\/p>\n<p>Selbstverst\u00e4ndlich verwenden wir FSC-zertifiziertes oder gleichwertiges Papier aus verantwortungsvollen Quellen.<\/p>\n<p>&nbsp;<\/p>\n<hr \/>\n<p>&nbsp;<\/p>\n<p><strong>Verf\u00fcgbare Gr\u00f6ssen<\/strong><\/p>\n<ul>\n<li>45 \u00d7 45 cm<\/li>\n<li>70 \u00d7 70 cm<\/li>\n<\/ul>\n<p>&nbsp;<\/p>\n<hr \/>\n<p>&nbsp;<\/p>\n<p><strong>Produktion &amp; Versand<\/strong><\/p>\n<p>Jeder Print wird exklusiv\u00a0auf Bestellung gefertigt, um h\u00f6chste Qualit\u00e4t und Nachhaltigkeit zu gew\u00e4hrleisten.<\/p>\n<p>Sorgf\u00e4ltig verpackt und gesch\u00fctzt, erreicht dich dein Kunstwerk in der Regel innerhalb von\u00a05\u20137 Werktagen.<\/p>\n<p>&nbsp;<\/p>\n<hr \/>\n<p>&nbsp;<\/p>\n<p><strong>Hinweis zur Produktion<\/strong><\/p>\n<p>Unsere Prints werden bevorzugt lokal in der Schweiz produziert.<br \/>\nIn Einzelf\u00e4llen erfolgt die Herstellung in einer ausgew\u00e4hlten internationalen Produktionsst\u00e4tte, um eine gleichbleibend hohe Qualit\u00e4t sicherzustellen.<\/p>\n<p>Bei Lieferungen in die Schweiz k\u00f6nnen dadurch\u00a0zus\u00e4tzliche Zoll- oder Importgeb\u00fchren\u00a0anfallen.<\/p>","protected":false},"excerpt":{"rendered":"<p>Ein Statement f\u00fcr zeitlose \u00c4sthetik. Dieser Art Print in Museumsqualit\u00e4t vereint ausdrucksstarke Motive mit einer ruhigen, eleganten Oberfl\u00e4che \u2013 geschaffen, um R\u00e4ume stilvoll zu vollenden und besondere Akzente zu setzen. Die fein abgestimmte Farbbrillanz trifft auf ein edles, mattes Finish, das Licht sanft aufnimmt und eine luxuri\u00f6se, moderne Wirkung entfaltet. &nbsp; &nbsp; Material &amp; Qualit\u00e4t [&hellip;]<\/p>\n","protected":false},"featured_media":8111,"comment_status":"open","ping_status":"closed","template":"","meta":[],"product_brand":[],"product_cat":[54],"product_tag":[],"class_list":{"0":"post-7858","1":"product","2":"type-product","3":"status-publish","4":"has-post-thumbnail","6":"product_cat-kunstdrucke","8":"first","9":"instock","10":"shipping-taxable","11":"purchasable","12":"product-type-variable","13":"has-default-attributes"},"jetpack_sharing_enabled":true,"_links":{"self":[{"href":"https:\/\/mutrea.com\/en\/wp-json\/wp\/v2\/product\/7858","targetHints":{"allow":["GET"]}}],"collection":[{"href":"https:\/\/mutrea.com\/en\/wp-json\/wp\/v2\/product"}],"about":[{"href":"https:\/\/mutrea.com\/en\/wp-json\/wp\/v2\/types\/product"}],"replies":[{"embeddable":true,"href":"https:\/\/mutrea.com\/en\/wp-json\/wp\/v2\/comments?post=7858"}],"wp:featuredmedia":[{"embeddable":true,"href":"https:\/\/mutrea.com\/en\/wp-json\/wp\/v2\/media\/8111"}],"wp:attachment":[{"href":"https:\/\/mutrea.com\/en\/wp-json\/wp\/v2\/media?parent=7858"}],"wp:term":[{"taxonomy":"product_brand","embeddable":true,"href":"https:\/\/mutrea.com\/en\/wp-json\/wp\/v2\/product_brand?post=7858"},{"taxonomy":"product_cat","embeddable":true,"href":"https:\/\/mutrea.com\/en\/wp-json\/wp\/v2\/product_cat?post=7858"},{"taxonomy":"product_tag","embeddable":true,"href":"https:\/\/mutrea.com\/en\/wp-json\/wp\/v2\/product_tag?post=7858"}],"curies":[{"name":"wp","href":"https:\/\/api.w.org\/{rel}","templated":true}]}}