{"id":7775,"date":"2026-03-26T20:57:49","date_gmt":"2026-03-26T19:57:49","guid":{"rendered":"https:\/\/mutrea.com\/?post_type=product&#038;p=7775"},"modified":"2026-03-26T21:35:47","modified_gmt":"2026-03-26T20:35:47","slug":"lightsense-nr-27","status":"publish","type":"product","link":"https:\/\/mutrea.com\/en\/product\/lightsense-nr-27\/","title":{"rendered":"LightSense Nr. 27"},"content":{"rendered":"<p><strong>Size:<\/strong> 100 x 50 x 5 cm<\/p>\n<p><strong>Serial number:<\/strong> MLS272603<\/p>\n<p><strong>Created:<\/strong> M\u00e4rz 2026<\/p>\n<p><strong>Original piece of music:<\/strong> 1 song for the entire collection<\/p>","protected":false},"excerpt":{"rendered":"<p>Gr\u00f6sse: 100 x 50 x 5 cm Serienummer: MLS272603 Entstanden: M\u00e4rz 2026 Eigenes Musikst\u00fcck: 1 Song f\u00fcr ganze Kollektion<\/p>","protected":false},"featured_media":7776,"comment_status":"closed","ping_status":"closed","template":"","meta":[],"product_brand":[],"product_cat":[42],"product_tag":[],"class_list":{"0":"post-7775","1":"product","2":"type-product","3":"status-publish","4":"has-post-thumbnail","6":"product_cat-lightsense","8":"first","9":"instock","10":"shipping-taxable","11":"product-type-simple"},"jetpack_sharing_enabled":true,"_links":{"self":[{"href":"https:\/\/mutrea.com\/en\/wp-json\/wp\/v2\/product\/7775","targetHints":{"allow":["GET"]}}],"collection":[{"href":"https:\/\/mutrea.com\/en\/wp-json\/wp\/v2\/product"}],"about":[{"href":"https:\/\/mutrea.com\/en\/wp-json\/wp\/v2\/types\/product"}],"replies":[{"embeddable":true,"href":"https:\/\/mutrea.com\/en\/wp-json\/wp\/v2\/comments?post=7775"}],"wp:featuredmedia":[{"embeddable":true,"href":"https:\/\/mutrea.com\/en\/wp-json\/wp\/v2\/media\/7776"}],"wp:attachment":[{"href":"https:\/\/mutrea.com\/en\/wp-json\/wp\/v2\/media?parent=7775"}],"wp:term":[{"taxonomy":"product_brand","embeddable":true,"href":"https:\/\/mutrea.com\/en\/wp-json\/wp\/v2\/product_brand?post=7775"},{"taxonomy":"product_cat","embeddable":true,"href":"https:\/\/mutrea.com\/en\/wp-json\/wp\/v2\/product_cat?post=7775"},{"taxonomy":"product_tag","embeddable":true,"href":"https:\/\/mutrea.com\/en\/wp-json\/wp\/v2\/product_tag?post=7775"}],"curies":[{"name":"wp","href":"https:\/\/api.w.org\/{rel}","templated":true}]}}