{"id":6936,"date":"2026-02-19T22:17:17","date_gmt":"2026-02-19T21:17:17","guid":{"rendered":"https:\/\/mutrea.com\/?post_type=product&#038;p=6936"},"modified":"2026-03-19T13:21:15","modified_gmt":"2026-03-19T12:21:15","slug":"glaciers-alive-nr-06","status":"publish","type":"product","link":"https:\/\/mutrea.com\/en\/product\/glaciers-alive-nr-06\/","title":{"rendered":"Glaciers Alive Nr. 06"},"content":{"rendered":"<p><strong>Size:<\/strong> 80 x 60 x 5 cm<\/p>\n<p><strong>Serial number:<\/strong> MGLA062601<\/p>\n<p><strong>Created:<\/strong> Januar 2026<\/p>\n<p><strong>Original piece of music:<\/strong> 1 song for the entire collection<\/p>","protected":false},"excerpt":{"rendered":"<p>Gr\u00f6sse: 80 x 60 x 5 cm Serienummer: MGLA062601 Entstanden: Januar 2026 Eigenes Musikst\u00fcck: 1 Song f\u00fcr ganze Kollektion<\/p>","protected":false},"featured_media":6956,"comment_status":"closed","ping_status":"closed","template":"","meta":[],"product_brand":[],"product_cat":[32],"product_tag":[],"class_list":{"0":"post-6936","1":"product","2":"type-product","3":"status-publish","4":"has-post-thumbnail","6":"product_cat-glaciers-alive","8":"first","9":"instock","10":"shipping-taxable","11":"product-type-simple"},"jetpack_sharing_enabled":true,"_links":{"self":[{"href":"https:\/\/mutrea.com\/en\/wp-json\/wp\/v2\/product\/6936","targetHints":{"allow":["GET"]}}],"collection":[{"href":"https:\/\/mutrea.com\/en\/wp-json\/wp\/v2\/product"}],"about":[{"href":"https:\/\/mutrea.com\/en\/wp-json\/wp\/v2\/types\/product"}],"replies":[{"embeddable":true,"href":"https:\/\/mutrea.com\/en\/wp-json\/wp\/v2\/comments?post=6936"}],"wp:featuredmedia":[{"embeddable":true,"href":"https:\/\/mutrea.com\/en\/wp-json\/wp\/v2\/media\/6956"}],"wp:attachment":[{"href":"https:\/\/mutrea.com\/en\/wp-json\/wp\/v2\/media?parent=6936"}],"wp:term":[{"taxonomy":"product_brand","embeddable":true,"href":"https:\/\/mutrea.com\/en\/wp-json\/wp\/v2\/product_brand?post=6936"},{"taxonomy":"product_cat","embeddable":true,"href":"https:\/\/mutrea.com\/en\/wp-json\/wp\/v2\/product_cat?post=6936"},{"taxonomy":"product_tag","embeddable":true,"href":"https:\/\/mutrea.com\/en\/wp-json\/wp\/v2\/product_tag?post=6936"}],"curies":[{"name":"wp","href":"https:\/\/api.w.org\/{rel}","templated":true}]}}