{"id":5334,"date":"2025-11-25T17:42:15","date_gmt":"2025-11-25T16:42:15","guid":{"rendered":"https:\/\/mutrea.com\/?post_type=product&#038;p=5334"},"modified":"2026-03-20T10:16:35","modified_gmt":"2026-03-20T09:16:35","slug":"nr-01-vivid","status":"publish","type":"product","link":"https:\/\/mutrea.com\/en\/product\/nr-01-vivid\/","title":{"rendered":"Nr. 01 &#8211; Vivid"},"content":{"rendered":"<p><strong>Size:<\/strong> 100 x 60 x 5 cm<\/p>\n<p><strong>Serial number:<\/strong> MUN01VIV2405<\/p>\n<p><strong>Created:<\/strong> Mai 2024<\/p>\n<p><strong>Original piece of music:<\/strong> 1 song for the entire collection<\/p>","protected":false},"excerpt":{"rendered":"<p>Gr\u00f6sse: 100 x 60 x 5 cm Serienummer: MUN01VIV2405 Entstanden: Mai 2024 Eigenes Musikst\u00fcck: 1 Song f\u00fcr ganze Kollektion<\/p>","protected":false},"featured_media":4623,"comment_status":"closed","ping_status":"closed","template":"","meta":[],"product_brand":[],"product_cat":[31],"product_tag":[],"class_list":{"0":"post-5334","1":"product","2":"type-product","3":"status-publish","4":"has-post-thumbnail","6":"product_cat-unified","8":"first","9":"instock","10":"shipping-taxable","11":"product-type-simple"},"jetpack_sharing_enabled":true,"_links":{"self":[{"href":"https:\/\/mutrea.com\/en\/wp-json\/wp\/v2\/product\/5334","targetHints":{"allow":["GET"]}}],"collection":[{"href":"https:\/\/mutrea.com\/en\/wp-json\/wp\/v2\/product"}],"about":[{"href":"https:\/\/mutrea.com\/en\/wp-json\/wp\/v2\/types\/product"}],"replies":[{"embeddable":true,"href":"https:\/\/mutrea.com\/en\/wp-json\/wp\/v2\/comments?post=5334"}],"wp:featuredmedia":[{"embeddable":true,"href":"https:\/\/mutrea.com\/en\/wp-json\/wp\/v2\/media\/4623"}],"wp:attachment":[{"href":"https:\/\/mutrea.com\/en\/wp-json\/wp\/v2\/media?parent=5334"}],"wp:term":[{"taxonomy":"product_brand","embeddable":true,"href":"https:\/\/mutrea.com\/en\/wp-json\/wp\/v2\/product_brand?post=5334"},{"taxonomy":"product_cat","embeddable":true,"href":"https:\/\/mutrea.com\/en\/wp-json\/wp\/v2\/product_cat?post=5334"},{"taxonomy":"product_tag","embeddable":true,"href":"https:\/\/mutrea.com\/en\/wp-json\/wp\/v2\/product_tag?post=5334"}],"curies":[{"name":"wp","href":"https:\/\/api.w.org\/{rel}","templated":true}]}}