{"id":4820,"date":"2025-11-15T16:49:49","date_gmt":"2025-11-15T15:49:49","guid":{"rendered":"https:\/\/mutrea.com\/?post_type=product&#038;p=4820"},"modified":"2026-03-20T09:57:17","modified_gmt":"2026-03-20T08:57:17","slug":"lightsense-nr-17","status":"publish","type":"product","link":"https:\/\/mutrea.com\/en\/product\/lightsense-nr-17\/","title":{"rendered":"LightSense Nr. 17"},"content":{"rendered":"<p><span style=\"color: #ff0000;\">Dieses Werk ist aktuell Teil einer Ausstellung im In- oder Ausland.<\/span><br data-start=\"1268\" data-end=\"1271\" \/><span style=\"color: #ff0000;\">Der Erwerb ist m\u00f6glich, die Lieferung erfolgt nach Ende der Ausstellung.<\/span><\/p>\n<p>&nbsp;<\/p>\n<p><strong>Size:<\/strong> 109 x 79 x 5 cm, inkl Rahmen<\/p>\n<p><strong>Serial number:<\/strong> MLS17<\/p>\n<p><strong>Created:<\/strong> Juli 2025<\/p>\n<p><strong>Original piece of music:<\/strong> 1 song for the entire collection<\/p>","protected":false},"excerpt":{"rendered":"<p>Dieses Werk ist aktuell Teil einer Ausstellung im In- oder Ausland.Der Erwerb ist m\u00f6glich, die Lieferung erfolgt nach Ende der Ausstellung. &nbsp; Gr\u00f6sse: 109 x 79 x 5 cm, inkl Rahmen Serienummer: MLS17 Entstanden: Juli 2025 Eigenes Musikst\u00fcck: 1 Song f\u00fcr ganze Kollektion<\/p>","protected":false},"featured_media":5589,"comment_status":"closed","ping_status":"closed","template":"","meta":[],"product_brand":[],"product_cat":[42],"product_tag":[],"class_list":{"0":"post-4820","1":"product","2":"type-product","3":"status-publish","4":"has-post-thumbnail","6":"product_cat-lightsense","8":"first","9":"instock","10":"shipping-taxable","11":"product-type-simple"},"jetpack_sharing_enabled":true,"_links":{"self":[{"href":"https:\/\/mutrea.com\/en\/wp-json\/wp\/v2\/product\/4820","targetHints":{"allow":["GET"]}}],"collection":[{"href":"https:\/\/mutrea.com\/en\/wp-json\/wp\/v2\/product"}],"about":[{"href":"https:\/\/mutrea.com\/en\/wp-json\/wp\/v2\/types\/product"}],"replies":[{"embeddable":true,"href":"https:\/\/mutrea.com\/en\/wp-json\/wp\/v2\/comments?post=4820"}],"wp:featuredmedia":[{"embeddable":true,"href":"https:\/\/mutrea.com\/en\/wp-json\/wp\/v2\/media\/5589"}],"wp:attachment":[{"href":"https:\/\/mutrea.com\/en\/wp-json\/wp\/v2\/media?parent=4820"}],"wp:term":[{"taxonomy":"product_brand","embeddable":true,"href":"https:\/\/mutrea.com\/en\/wp-json\/wp\/v2\/product_brand?post=4820"},{"taxonomy":"product_cat","embeddable":true,"href":"https:\/\/mutrea.com\/en\/wp-json\/wp\/v2\/product_cat?post=4820"},{"taxonomy":"product_tag","embeddable":true,"href":"https:\/\/mutrea.com\/en\/wp-json\/wp\/v2\/product_tag?post=4820"}],"curies":[{"name":"wp","href":"https:\/\/api.w.org\/{rel}","templated":true}]}}