{"id":4796,"date":"2025-11-15T16:14:40","date_gmt":"2025-11-15T15:14:40","guid":{"rendered":"https:\/\/mutrea.com\/?post_type=product&#038;p=4796"},"modified":"2026-03-24T10:27:48","modified_gmt":"2026-03-24T09:27:48","slug":"lightsense-nr-09","status":"publish","type":"product","link":"https:\/\/mutrea.com\/en\/product\/lightsense-nr-09\/","title":{"rendered":"LightSense Nr. 09"},"content":{"rendered":"<p><strong>Size:<\/strong> 80 x 60 x 5 cm<\/p>\n<p><strong>Serial number:<\/strong> MLS09<\/p>\n<p><strong>Created:<\/strong> August 2025<\/p>\n<p><strong>Original piece of music:<\/strong> 1 song for the entire collection<\/p>","protected":false},"excerpt":{"rendered":"<p>Gr\u00f6sse: 80 x 60 x 5 cm Serienummer: MLS09 Entstanden: August 2025 Eigenes Musikst\u00fcck: 1 Song f\u00fcr ganze Kollektion<\/p>","protected":false},"featured_media":4797,"comment_status":"closed","ping_status":"closed","template":"","meta":[],"product_brand":[],"product_cat":[42],"product_tag":[],"class_list":{"0":"post-4796","1":"product","2":"type-product","3":"status-publish","4":"has-post-thumbnail","6":"product_cat-lightsense","8":"first","9":"instock","10":"shipping-taxable","11":"product-type-simple"},"jetpack_sharing_enabled":true,"_links":{"self":[{"href":"https:\/\/mutrea.com\/en\/wp-json\/wp\/v2\/product\/4796","targetHints":{"allow":["GET"]}}],"collection":[{"href":"https:\/\/mutrea.com\/en\/wp-json\/wp\/v2\/product"}],"about":[{"href":"https:\/\/mutrea.com\/en\/wp-json\/wp\/v2\/types\/product"}],"replies":[{"embeddable":true,"href":"https:\/\/mutrea.com\/en\/wp-json\/wp\/v2\/comments?post=4796"}],"wp:featuredmedia":[{"embeddable":true,"href":"https:\/\/mutrea.com\/en\/wp-json\/wp\/v2\/media\/4797"}],"wp:attachment":[{"href":"https:\/\/mutrea.com\/en\/wp-json\/wp\/v2\/media?parent=4796"}],"wp:term":[{"taxonomy":"product_brand","embeddable":true,"href":"https:\/\/mutrea.com\/en\/wp-json\/wp\/v2\/product_brand?post=4796"},{"taxonomy":"product_cat","embeddable":true,"href":"https:\/\/mutrea.com\/en\/wp-json\/wp\/v2\/product_cat?post=4796"},{"taxonomy":"product_tag","embeddable":true,"href":"https:\/\/mutrea.com\/en\/wp-json\/wp\/v2\/product_tag?post=4796"}],"curies":[{"name":"wp","href":"https:\/\/api.w.org\/{rel}","templated":true}]}}