{"id":4044,"date":"2025-02-10T14:56:45","date_gmt":"2025-02-10T13:56:45","guid":{"rendered":"https:\/\/mutrea.com\/?post_type=product&#038;p=4044"},"modified":"2026-03-20T09:55:03","modified_gmt":"2026-03-20T08:55:03","slug":"giberg-ahton-nr-7","status":"publish","type":"product","link":"https:\/\/mutrea.com\/en\/product\/giberg-ahton-nr-7\/","title":{"rendered":"Giberg\/Ahton Nr. 07"},"content":{"rendered":"<p><span style=\"color: #ff0000;\">Dieses Werk ist aktuell Teil einer Ausstellung im In- oder Ausland.<\/span><br data-start=\"1268\" data-end=\"1271\" \/><span style=\"color: #ff0000;\">Der Erwerb ist m\u00f6glich, die Lieferung erfolgt nach Ende der Ausstellung.<\/span><\/p>\n<p>&nbsp;<\/p>\n<p><strong>Size:<\/strong> 120 x 70 x 5 cm<\/p>\n<p><strong>Serial number:<\/strong> MGA072502<\/p>\n<p><strong>Created:<\/strong> Februar 2025<\/p>\n<p><strong>Original piece of music:<\/strong> 3 Songs f\u00fcr ganze Kollektion<\/p>","protected":false},"excerpt":{"rendered":"<p>Dieses Werk ist aktuell Teil einer Ausstellung im In- oder Ausland.Der Erwerb ist m\u00f6glich, die Lieferung erfolgt nach Ende der Ausstellung. &nbsp; Gr\u00f6sse: 120 x 70 x 5 cm Serienummer: MGA072502 Entstanden: Februar 2025 Eigenes Musikst\u00fcck: 3 Songs f\u00fcr ganze Kollektion<\/p>","protected":false},"featured_media":4549,"comment_status":"closed","ping_status":"closed","template":"","meta":[],"product_brand":[],"product_cat":[38],"product_tag":[],"class_list":{"0":"post-4044","1":"product","2":"type-product","3":"status-publish","4":"has-post-thumbnail","6":"product_cat-giberg-ahton","8":"first","9":"instock","10":"shipping-taxable","11":"product-type-simple"},"jetpack_sharing_enabled":true,"_links":{"self":[{"href":"https:\/\/mutrea.com\/en\/wp-json\/wp\/v2\/product\/4044","targetHints":{"allow":["GET"]}}],"collection":[{"href":"https:\/\/mutrea.com\/en\/wp-json\/wp\/v2\/product"}],"about":[{"href":"https:\/\/mutrea.com\/en\/wp-json\/wp\/v2\/types\/product"}],"replies":[{"embeddable":true,"href":"https:\/\/mutrea.com\/en\/wp-json\/wp\/v2\/comments?post=4044"}],"wp:featuredmedia":[{"embeddable":true,"href":"https:\/\/mutrea.com\/en\/wp-json\/wp\/v2\/media\/4549"}],"wp:attachment":[{"href":"https:\/\/mutrea.com\/en\/wp-json\/wp\/v2\/media?parent=4044"}],"wp:term":[{"taxonomy":"product_brand","embeddable":true,"href":"https:\/\/mutrea.com\/en\/wp-json\/wp\/v2\/product_brand?post=4044"},{"taxonomy":"product_cat","embeddable":true,"href":"https:\/\/mutrea.com\/en\/wp-json\/wp\/v2\/product_cat?post=4044"},{"taxonomy":"product_tag","embeddable":true,"href":"https:\/\/mutrea.com\/en\/wp-json\/wp\/v2\/product_tag?post=4044"}],"curies":[{"name":"wp","href":"https:\/\/api.w.org\/{rel}","templated":true}]}}