{"id":4042,"date":"2025-02-10T14:54:25","date_gmt":"2025-02-10T13:54:25","guid":{"rendered":"https:\/\/mutrea.com\/?post_type=product&#038;p=4042"},"modified":"2026-03-20T09:55:27","modified_gmt":"2026-03-20T08:55:27","slug":"giberg-ahton-nr-5","status":"publish","type":"product","link":"https:\/\/mutrea.com\/en\/product\/giberg-ahton-nr-5\/","title":{"rendered":"Giberg\/Ahton Nr. 05"},"content":{"rendered":"<p><strong>Size:<\/strong> 120 x 70 x 5 cm<\/p>\n<p><strong>Serial number:<\/strong> MGA052502<\/p>\n<p><strong>Created:<\/strong> Februar 2025<\/p>\n<p><strong>Original piece of music:<\/strong> 3 Songs f\u00fcr ganze Kollektion<\/p>","protected":false},"excerpt":{"rendered":"<p>Gr\u00f6sse: 120 x 70 x 5 cm Serienummer: MGA052502 Entstanden: Februar 2025 Eigenes Musikst\u00fcck: 3 Songs f\u00fcr ganze Kollektion<\/p>","protected":false},"featured_media":4547,"comment_status":"closed","ping_status":"closed","template":"","meta":[],"product_brand":[],"product_cat":[38],"product_tag":[],"class_list":{"0":"post-4042","1":"product","2":"type-product","3":"status-publish","4":"has-post-thumbnail","6":"product_cat-giberg-ahton","8":"first","9":"instock","10":"shipping-taxable","11":"product-type-simple"},"jetpack_sharing_enabled":true,"_links":{"self":[{"href":"https:\/\/mutrea.com\/en\/wp-json\/wp\/v2\/product\/4042","targetHints":{"allow":["GET"]}}],"collection":[{"href":"https:\/\/mutrea.com\/en\/wp-json\/wp\/v2\/product"}],"about":[{"href":"https:\/\/mutrea.com\/en\/wp-json\/wp\/v2\/types\/product"}],"replies":[{"embeddable":true,"href":"https:\/\/mutrea.com\/en\/wp-json\/wp\/v2\/comments?post=4042"}],"wp:featuredmedia":[{"embeddable":true,"href":"https:\/\/mutrea.com\/en\/wp-json\/wp\/v2\/media\/4547"}],"wp:attachment":[{"href":"https:\/\/mutrea.com\/en\/wp-json\/wp\/v2\/media?parent=4042"}],"wp:term":[{"taxonomy":"product_brand","embeddable":true,"href":"https:\/\/mutrea.com\/en\/wp-json\/wp\/v2\/product_brand?post=4042"},{"taxonomy":"product_cat","embeddable":true,"href":"https:\/\/mutrea.com\/en\/wp-json\/wp\/v2\/product_cat?post=4042"},{"taxonomy":"product_tag","embeddable":true,"href":"https:\/\/mutrea.com\/en\/wp-json\/wp\/v2\/product_tag?post=4042"}],"curies":[{"name":"wp","href":"https:\/\/api.w.org\/{rel}","templated":true}]}}