{"id":3141,"date":"2025-01-23T23:19:15","date_gmt":"2025-01-23T22:19:15","guid":{"rendered":"https:\/\/mutrea.com\/?post_type=product&#038;p=3141"},"modified":"2026-03-20T10:04:47","modified_gmt":"2026-03-20T09:04:47","slug":"cobalt","status":"publish","type":"product","link":"https:\/\/mutrea.com\/en\/product\/cobalt\/","title":{"rendered":"Nr. 10 &#8211; Cobalt"},"content":{"rendered":"<p><span style=\"color: #ff0000;\">Dieses Werk ist aktuell Teil einer Ausstellung im In- oder Ausland.<\/span><br data-start=\"1268\" data-end=\"1271\" \/><span style=\"color: #ff0000;\">Der Erwerb ist m\u00f6glich, die Lieferung erfolgt nach Ende der Ausstellung.<\/span><\/p>\n<p>&nbsp;<\/p>\n<p><strong>Size:<\/strong> 150 x 90 x 5 cm<\/p>\n<p><strong>Serial number:<\/strong> MPOA10COB2304<\/p>\n<p><strong>Created:<\/strong> April 2023<\/p>\n<p><strong>Original piece of music:<\/strong> Ja<\/p>","protected":false},"excerpt":{"rendered":"<p>Dieses Werk ist aktuell Teil einer Ausstellung im In- oder Ausland.Der Erwerb ist m\u00f6glich, die Lieferung erfolgt nach Ende der Ausstellung. &nbsp; Gr\u00f6sse: 150 x 90 x 5 cm Serienummer: MPOA10COB2304 Entstanden: April 2023 Eigenes Musikst\u00fcck: Ja<\/p>","protected":false},"featured_media":4561,"comment_status":"closed","ping_status":"closed","template":"","meta":[],"product_brand":[],"product_cat":[35],"product_tag":[],"class_list":{"0":"post-3141","1":"product","2":"type-product","3":"status-publish","4":"has-post-thumbnail","6":"product_cat-part-of-art","8":"first","9":"instock","10":"shipping-taxable","11":"product-type-simple"},"jetpack_sharing_enabled":true,"_links":{"self":[{"href":"https:\/\/mutrea.com\/en\/wp-json\/wp\/v2\/product\/3141","targetHints":{"allow":["GET"]}}],"collection":[{"href":"https:\/\/mutrea.com\/en\/wp-json\/wp\/v2\/product"}],"about":[{"href":"https:\/\/mutrea.com\/en\/wp-json\/wp\/v2\/types\/product"}],"replies":[{"embeddable":true,"href":"https:\/\/mutrea.com\/en\/wp-json\/wp\/v2\/comments?post=3141"}],"wp:featuredmedia":[{"embeddable":true,"href":"https:\/\/mutrea.com\/en\/wp-json\/wp\/v2\/media\/4561"}],"wp:attachment":[{"href":"https:\/\/mutrea.com\/en\/wp-json\/wp\/v2\/media?parent=3141"}],"wp:term":[{"taxonomy":"product_brand","embeddable":true,"href":"https:\/\/mutrea.com\/en\/wp-json\/wp\/v2\/product_brand?post=3141"},{"taxonomy":"product_cat","embeddable":true,"href":"https:\/\/mutrea.com\/en\/wp-json\/wp\/v2\/product_cat?post=3141"},{"taxonomy":"product_tag","embeddable":true,"href":"https:\/\/mutrea.com\/en\/wp-json\/wp\/v2\/product_tag?post=3141"}],"curies":[{"name":"wp","href":"https:\/\/api.w.org\/{rel}","templated":true}]}}