{"id":3015,"date":"2025-01-23T18:57:39","date_gmt":"2025-01-23T17:57:39","guid":{"rendered":"https:\/\/mutrea.com\/?post_type=product&#038;p=3015"},"modified":"2026-03-20T10:00:56","modified_gmt":"2026-03-20T09:00:56","slug":"baltic","status":"publish","type":"product","link":"https:\/\/mutrea.com\/en\/product\/baltic\/","title":{"rendered":"Nr. 04 &#8211; Baltic"},"content":{"rendered":"<p><span style=\"color: #ff0000;\">Dieses Werk ist aktuell Teil einer Ausstellung im In- oder Ausland.<\/span><br data-start=\"1268\" data-end=\"1271\" \/><span style=\"color: #ff0000;\">Der Erwerb ist m\u00f6glich, die Lieferung erfolgt nach Ende der Ausstellung.<\/span><\/p>\n<p>&nbsp;<\/p>\n<p><strong>Size:<\/strong> 150 x 80 x 5 cm<\/p>\n<p><strong>Serial number:<\/strong> MOTU04BAL2309<\/p>\n<p><strong>Created:<\/strong> September 2023<\/p>\n<p><strong>Original piece of music:<\/strong> 1 song for the entire collection<\/p>","protected":false},"excerpt":{"rendered":"<p>Dieses Werk ist aktuell Teil einer Ausstellung im In- oder Ausland.Der Erwerb ist m\u00f6glich, die Lieferung erfolgt nach Ende der Ausstellung. &nbsp; Gr\u00f6sse: 150 x 80 x 5 cm Serienummer: MOTU04BAL2309 Entstanden: September 2023 Eigenes Musikst\u00fcck: 1 Song f\u00fcr ganze Kollektion<\/p>","protected":false},"featured_media":4582,"comment_status":"open","ping_status":"closed","template":"","meta":[],"product_brand":[],"product_cat":[28],"product_tag":[],"class_list":{"0":"post-3015","1":"product","2":"type-product","3":"status-publish","4":"has-post-thumbnail","6":"product_cat-ocean-to-universe","8":"first","9":"instock","10":"shipping-taxable","11":"product-type-simple"},"jetpack_sharing_enabled":true,"_links":{"self":[{"href":"https:\/\/mutrea.com\/en\/wp-json\/wp\/v2\/product\/3015","targetHints":{"allow":["GET"]}}],"collection":[{"href":"https:\/\/mutrea.com\/en\/wp-json\/wp\/v2\/product"}],"about":[{"href":"https:\/\/mutrea.com\/en\/wp-json\/wp\/v2\/types\/product"}],"replies":[{"embeddable":true,"href":"https:\/\/mutrea.com\/en\/wp-json\/wp\/v2\/comments?post=3015"}],"wp:featuredmedia":[{"embeddable":true,"href":"https:\/\/mutrea.com\/en\/wp-json\/wp\/v2\/media\/4582"}],"wp:attachment":[{"href":"https:\/\/mutrea.com\/en\/wp-json\/wp\/v2\/media?parent=3015"}],"wp:term":[{"taxonomy":"product_brand","embeddable":true,"href":"https:\/\/mutrea.com\/en\/wp-json\/wp\/v2\/product_brand?post=3015"},{"taxonomy":"product_cat","embeddable":true,"href":"https:\/\/mutrea.com\/en\/wp-json\/wp\/v2\/product_cat?post=3015"},{"taxonomy":"product_tag","embeddable":true,"href":"https:\/\/mutrea.com\/en\/wp-json\/wp\/v2\/product_tag?post=3015"}],"curies":[{"name":"wp","href":"https:\/\/api.w.org\/{rel}","templated":true}]}}