{"id":5122,"date":"2025-11-19T19:26:08","date_gmt":"2025-11-19T18:26:08","guid":{"rendered":"https:\/\/mutrea.com\/?page_id=5122"},"modified":"2026-02-12T12:50:28","modified_gmt":"2026-02-12T11:50:28","slug":"warenkorb","status":"publish","type":"page","link":"https:\/\/mutrea.com\/en\/warenkorb\/","title":{"rendered":"Warenkorb"},"content":{"rendered":"<div data-elementor-type=\"wp-page\" data-elementor-id=\"5122\" class=\"elementor elementor-5122\" wpc-filter-elementor-widget=\"1\" data-elementor-post-type=\"page\">\n\t\t\t\t<div class=\"elementor-element elementor-element-84e0e65 e-flex e-con-boxed e-con e-parent\" data-id=\"84e0e65\" data-element_type=\"container\" data-e-type=\"container\">\n\t\t\t\t\t<div class=\"e-con-inner\">\n\t\t\t\t\t<\/div>\n\t\t\t\t<\/div>\n\t\t\t\t<\/div>","protected":false},"excerpt":{"rendered":"<p>Artikel entfernen Vorschaubild Produkt Preis Anzahl Zwischensumme &times; Alesca Nr. 01 &#8211; Biloba &#67;&#72;&#70;&nbsp;64.00 Alesca Nr. 01 &#8211; Biloba Menge &#67;&#72;&#70;&nbsp;64.00 Update Cart Cart Totals Zwischensumme &#67;&#72;&#70;&nbsp;64.00 Sendung\u00a01 Pauschale: &#67;&#72;&#70;&nbsp;8.16 Versand nach Winernstrasse 7, 5415 Nussbaumen. Adresse \u00e4ndern Land\/Region Land\/Region ausw\u00e4hlen\u00a0\u2026Afghanistan\u00c4gypten\u00c5landAlbanienAlgerienAmerikanisch-SamoaAmerikanische JungferninselnAndorraAngolaAnguillaAntarktikaAntigua und Barbuda\u00c4quatorialguineaArgentinienArmenienArubaAserbaidschan\u00c4thiopienAustralienBahamasBahrainBangladeschBarbadosBelarusBelauBelgienBelizeBeninBermudaBhutanBolivienBonaire, Saint Eustatius and SabaBosnien und HerzegowinaBotswanaBouvetinselBrasilienBritische JungferninselnBritisches Territorium im Indischen OzeanBruneiBulgarienBurkina [&hellip;]<\/p>\n","protected":false},"author":1,"featured_media":0,"parent":0,"menu_order":0,"comment_status":"closed","ping_status":"closed","template":"","meta":{"footnotes":""},"class_list":["post-5122","page","type-page","status-publish","hentry"],"jetpack_sharing_enabled":true,"_links":{"self":[{"href":"https:\/\/mutrea.com\/en\/wp-json\/wp\/v2\/pages\/5122","targetHints":{"allow":["GET"]}}],"collection":[{"href":"https:\/\/mutrea.com\/en\/wp-json\/wp\/v2\/pages"}],"about":[{"href":"https:\/\/mutrea.com\/en\/wp-json\/wp\/v2\/types\/page"}],"author":[{"embeddable":true,"href":"https:\/\/mutrea.com\/en\/wp-json\/wp\/v2\/users\/1"}],"replies":[{"embeddable":true,"href":"https:\/\/mutrea.com\/en\/wp-json\/wp\/v2\/comments?post=5122"}],"version-history":[{"count":49,"href":"https:\/\/mutrea.com\/en\/wp-json\/wp\/v2\/pages\/5122\/revisions"}],"predecessor-version":[{"id":6865,"href":"https:\/\/mutrea.com\/en\/wp-json\/wp\/v2\/pages\/5122\/revisions\/6865"}],"wp:attachment":[{"href":"https:\/\/mutrea.com\/en\/wp-json\/wp\/v2\/media?parent=5122"}],"curies":[{"name":"wp","href":"https:\/\/api.w.org\/{rel}","templated":true}]}}